{"id":11,"date":"2025-07-02T03:42:49","date_gmt":"2025-07-02T03:42:49","guid":{"rendered":"https:\/\/yx.googeek.cn\/?page_id=11"},"modified":"2025-07-16T07:06:16","modified_gmt":"2025-07-16T07:06:16","slug":"%e5%85%b3%e4%ba%8e%e9%a2%86%e6%98%9f","status":"publish","type":"page","link":"https:\/\/yx.googeek.cn\/fr\/%e5%85%b3%e4%ba%8e%e9%a2%86%e6%98%9f\/","title":{"rendered":"\u00c0 propos de collier star"},"content":{"rendered":"<div data-elementor-type=\"wp-page\" data-elementor-id=\"11\" class=\"elementor elementor-11\" data-elementor-post-type=\"page\">\n\t\t\t\t<div class=\"elementor-element elementor-element-f303913 e-flex e-con-boxed e-con e-parent\" data-id=\"f303913\" data-element_type=\"container\" data-settings=\"{&quot;background_background&quot;:&quot;classic&quot;}\">\n\t\t\t\t\t<div class=\"e-con-inner\">\n\t\t\t\t<div class=\"elementor-element elementor-element-6827852 elementor-widget elementor-widget-icon-box\" data-id=\"6827852\" data-element_type=\"widget\" data-widget_type=\"icon-box.default\">\n\t\t\t\t\t\t\t<div class=\"elementor-icon-box-wrapper\">\n\n\t\t\t\n\t\t\t\t\t\t<div class=\"elementor-icon-box-content\">\n\n\t\t\t\t\t\t\t\t\t<h3 class=\"elementor-icon-box-title\">\n\t\t\t\t\t\t<span  >\n\t\t\t\t\t\t\t\u00c0 propos de collier star\t\t\t\t\t\t<\/span>\n\t\t\t\t\t<\/h3>\n\t\t\t\t\n\t\t\t\t\t\t\t\t\t<p class=\"elementor-icon-box-description\">\n\t\t\t\t\t\t\u516c\u53f8\u62e5\u6709\u4e13\u4e1a\u7684\u65b0\u6750\u6599\u6280\u672f\u7814\u53d1\u56e2\u961f\uff0c\u6301\u7eed\u63a8\u52a8\u8010\u706b\u6750\u6599\u3001\u7535\u529b\u8bbe\u65bd\u5668\u6750\u7684\u6280\u672f\u5347\u7ea7\t\t\t\t\t<\/p>\n\t\t\t\t\n\t\t\t<\/div>\n\t\t\t\n\t\t<\/div>\n\t\t\t\t\t\t<\/div>\n\t\t\t\t\t<\/div>\n\t\t\t\t<\/div>\n\t\t<div class=\"elementor-element elementor-element-d7b1d7d e-flex e-con-boxed e-con e-parent\" data-id=\"d7b1d7d\" data-element_type=\"container\">\n\t\t\t\t\t<div class=\"e-con-inner\">\n\t\t<div class=\"elementor-element elementor-element-705afb9 e-con-full e-flex e-con e-child\" data-id=\"705afb9\" data-element_type=\"container\">\n\t\t\t\t<div class=\"elementor-element elementor-element-168b811 elementor-widget elementor-widget-heading\" data-id=\"168b811\" data-element_type=\"widget\" data-widget_type=\"heading.default\">\n\t\t\t\t\t<h2 class=\"elementor-heading-title elementor-size-default\">\u00c0 propos de collier star<\/h2>\t\t\t\t<\/div>\n\t\t\t\t<div class=\"elementor-element elementor-element-0e5c8af elementor-widget elementor-widget-text-editor\" data-id=\"0e5c8af\" data-element_type=\"widget\" data-widget_type=\"text-editor.default\">\n\t\t\t\t\t\t\t\t\t<p>Hangzhou collar xing power technology co., LTD est une entreprise de haute technologie qui se concentre sur la recherche et le d\u00e9veloppement d\u2019\u00e9quipements \u00e9lectriques, d\u2019\u00e9quipements de lutte contre l\u2019incendie et de nouvelles technologies de mat\u00e9riaux. L\u2019entreprise est bas\u00e9e dans le secteur de l\u2019\u00e9lectricit\u00e9 et s\u2019engage \u00e0 fournir \u00e0 ses clients des produits compl\u00e9mentaires de haute qualit\u00e9 pour les installations \u00e9lectriques, des \u00e9quipements de s\u00e9curit\u00e9 incendie ainsi que des solutions r\u00e9fractaires innovantes. En tant que force \u00e9mergeante dans l\u2019industrie, la technologie de puissance de collier adh\u00e8re \u00e0 l\u2019innovation pour conduire le d\u00e9veloppement, continue \u00e0 optimiser la performance des produits et \u00e0 am\u00e9liorer la qualit\u00e9 du service. Nous avons \u00e9tabli des relations de coop\u00e9ration \u00e0 long terme avec un certain nombre d\u2019unit\u00e9s de syst\u00e8me de puissance, des soci\u00e9t\u00e9s d\u2019ing\u00e9nierie d\u2019incendie et des entreprises de fabrication industrielle. Nos affaires couvrent de nombreuses provinces et villes en Chine et \u00e9tendent progressivement le march\u00e9 international.<\/p>\t\t\t\t\t\t\t\t<\/div>\n\t\t\t\t<\/div>\n\t\t<div class=\"elementor-element elementor-element-5b7762c e-con-full e-flex e-con e-child\" data-id=\"5b7762c\" data-element_type=\"container\">\n\t\t\t\t<div class=\"elementor-element elementor-element-5e5d6ed elementor-arrows-position-inside elementor-widget elementor-widget-image-carousel\" data-id=\"5e5d6ed\" data-element_type=\"widget\" data-settings=\"{&quot;slides_to_show&quot;:&quot;1&quot;,&quot;navigation&quot;:&quot;arrows&quot;,&quot;autoplay&quot;:&quot;yes&quot;,&quot;pause_on_hover&quot;:&quot;yes&quot;,&quot;pause_on_interaction&quot;:&quot;yes&quot;,&quot;autoplay_speed&quot;:5000,&quot;infinite&quot;:&quot;yes&quot;,&quot;effect&quot;:&quot;slide&quot;,&quot;speed&quot;:500}\" data-widget_type=\"image-carousel.default\">\n\t\t\t\t\t\t\t<div class=\"elementor-image-carousel-wrapper swiper\" role=\"region\" aria-roledescription=\"carousel\" aria-label=\"Rotation des images\" dir=\"ltr\">\n\t\t\t<div class=\"elementor-image-carousel swiper-wrapper\" aria-live=\"off\">\n\t\t\t\t\t\t\t\t<div class=\"swiper-slide\" role=\"group\" aria-roledescription=\"slide\" aria-label=\"1 \/ 2\"><figure class=\"swiper-slide-inner\"><img decoding=\"async\" class=\"swiper-slide-image\" src=\"https:\/\/yx.googeek.cn\/wp-content\/uploads\/2025\/07\/10001.jpg\" alt=\"10001\" \/><\/figure><\/div><div class=\"swiper-slide\" role=\"group\" aria-roledescription=\"slide\" aria-label=\"2 \/ 2\"><figure class=\"swiper-slide-inner\"><img decoding=\"async\" class=\"swiper-slide-image\" src=\"https:\/\/yx.googeek.cn\/wp-content\/uploads\/2025\/07\/10002.jpg\" alt=\"10002\" \/><\/figure><\/div>\t\t\t<\/div>\n\t\t\t\t\t\t\t\t\t\t\t\t<div class=\"elementor-swiper-button elementor-swiper-button-prev\" role=\"button\" tabindex=\"0\">\n\t\t\t\t\t\t<svg aria-hidden=\"true\" class=\"e-font-icon-svg e-eicon-chevron-left\" viewbox=\"0 0 1000 1000\" xmlns=\"http:\/\/www.w3.org\/2000\/svg\"><path d=\"M646 125C629 125 613 133 604 142L308 442C296 454 292 471 292 487 292 504 296 521 308 533L604 854C617 867 629 875 646 875 663 875 679 871 692 858 704 846 713 829 713 812 713 796 708 779 692 767L438 487 692 225C700 217 708 204 708 187 708 171 704 154 692 142 675 129 663 125 646 125Z\"><\/path><\/svg>\t\t\t\t\t<\/div>\n\t\t\t\t\t<div class=\"elementor-swiper-button elementor-swiper-button-next\" role=\"button\" tabindex=\"0\">\n\t\t\t\t\t\t<svg aria-hidden=\"true\" class=\"e-font-icon-svg e-eicon-chevron-right\" viewbox=\"0 0 1000 1000\" xmlns=\"http:\/\/www.w3.org\/2000\/svg\"><path d=\"M696 533C708 521 713 504 713 487 713 471 708 454 696 446L400 146C388 133 375 125 354 125 338 125 325 129 313 142 300 154 292 171 292 187 292 204 296 221 308 233L563 492 304 771C292 783 288 800 288 817 288 833 296 850 308 863 321 871 338 875 354 875 371 875 388 867 400 854L696 533Z\"><\/path><\/svg>\t\t\t\t\t<\/div>\n\t\t\t\t\n\t\t\t\t\t\t\t\t\t<\/div>\n\t\t\t\t\t\t<\/div>\n\t\t\t\t<\/div>\n\t\t<div class=\"elementor-element elementor-element-d97719d e-con-full e-flex e-con e-child\" data-id=\"d97719d\" data-element_type=\"container\">\n\t\t\t\t<\/div>\n\t\t\t\t\t<\/div>\n\t\t\t\t<\/div>\n\t\t<div class=\"elementor-element elementor-element-85fcbe7 e-flex e-con-boxed e-con e-parent\" data-id=\"85fcbe7\" data-element_type=\"container\">\n\t\t\t\t\t<div class=\"e-con-inner\">\n\t\t\t\t\t<\/div>\n\t\t\t\t<\/div>\n\t\t\t\t<\/div>","protected":false},"excerpt":{"rendered":"<p>\u5173\u4e8e\u9886\u661f \u516c\u53f8\u62e5\u6709\u4e13\u4e1a\u7684\u65b0\u6750\u6599\u6280\u672f\u7814\u53d1\u56e2\u961f\uff0c\u6301\u7eed\u63a8\u52a8\u8010\u706b\u6750\u6599\u3001\u7535\u529b\u8bbe\u65bd\u5668\u6750\u7684\u6280\u672f\u5347\u7ea7 \u5173\u4e8e\u9886\u661f \u676d\u5dde\u9886\u661f\u7535\u529b\u79d1 [&hellip;]<\/p>","protected":false},"author":1,"featured_media":0,"parent":0,"menu_order":0,"comment_status":"closed","ping_status":"closed","template":"","meta":{"footnotes":""},"class_list":["post-11","page","type-page","status-publish","hentry"],"_links":{"self":[{"href":"https:\/\/yx.googeek.cn\/fr\/wp-json\/wp\/v2\/pages\/11","targetHints":{"allow":["GET"]}}],"collection":[{"href":"https:\/\/yx.googeek.cn\/fr\/wp-json\/wp\/v2\/pages"}],"about":[{"href":"https:\/\/yx.googeek.cn\/fr\/wp-json\/wp\/v2\/types\/page"}],"author":[{"embeddable":true,"href":"https:\/\/yx.googeek.cn\/fr\/wp-json\/wp\/v2\/users\/1"}],"replies":[{"embeddable":true,"href":"https:\/\/yx.googeek.cn\/fr\/wp-json\/wp\/v2\/comments?post=11"}],"version-history":[{"count":26,"href":"https:\/\/yx.googeek.cn\/fr\/wp-json\/wp\/v2\/pages\/11\/revisions"}],"predecessor-version":[{"id":416,"href":"https:\/\/yx.googeek.cn\/fr\/wp-json\/wp\/v2\/pages\/11\/revisions\/416"}],"wp:attachment":[{"href":"https:\/\/yx.googeek.cn\/fr\/wp-json\/wp\/v2\/media?parent=11"}],"curies":[{"name":"wp","href":"https:\/\/api.w.org\/{rel}","templated":true}]}}