{"id":11,"date":"2025-07-02T03:42:49","date_gmt":"2025-07-02T03:42:49","guid":{"rendered":"https:\/\/yx.googeek.cn\/?page_id=11"},"modified":"2025-07-16T07:06:16","modified_gmt":"2025-07-16T07:06:16","slug":"%e5%85%b3%e4%ba%8e%e9%a2%86%e6%98%9f","status":"publish","type":"page","link":"https:\/\/yx.googeek.cn\/es\/%e5%85%b3%e4%ba%8e%e9%a2%86%e6%98%9f\/","title":{"rendered":"Acerca de collar star"},"content":{"rendered":"<div data-elementor-type=\"wp-page\" data-elementor-id=\"11\" class=\"elementor elementor-11\" data-elementor-post-type=\"page\">\n\t\t\t\t<div class=\"elementor-element elementor-element-f303913 e-flex e-con-boxed e-con e-parent\" data-id=\"f303913\" data-element_type=\"container\" data-settings=\"{&quot;background_background&quot;:&quot;classic&quot;}\">\n\t\t\t\t\t<div class=\"e-con-inner\">\n\t\t\t\t<div class=\"elementor-element elementor-element-6827852 elementor-widget elementor-widget-icon-box\" data-id=\"6827852\" data-element_type=\"widget\" data-widget_type=\"icon-box.default\">\n\t\t\t\t\t\t\t<div class=\"elementor-icon-box-wrapper\">\n\n\t\t\t\n\t\t\t\t\t\t<div class=\"elementor-icon-box-content\">\n\n\t\t\t\t\t\t\t\t\t<h3 class=\"elementor-icon-box-title\">\n\t\t\t\t\t\t<span  >\n\t\t\t\t\t\t\tAcerca de collar star\t\t\t\t\t\t<\/span>\n\t\t\t\t\t<\/h3>\n\t\t\t\t\n\t\t\t\t\t\t\t\t\t<p class=\"elementor-icon-box-description\">\n\t\t\t\t\t\t\u516c\u53f8\u62e5\u6709\u4e13\u4e1a\u7684\u65b0\u6750\u6599\u6280\u672f\u7814\u53d1\u56e2\u961f\uff0c\u6301\u7eed\u63a8\u52a8\u8010\u706b\u6750\u6599\u3001\u7535\u529b\u8bbe\u65bd\u5668\u6750\u7684\u6280\u672f\u5347\u7ea7\t\t\t\t\t<\/p>\n\t\t\t\t\n\t\t\t<\/div>\n\t\t\t\n\t\t<\/div>\n\t\t\t\t\t\t<\/div>\n\t\t\t\t\t<\/div>\n\t\t\t\t<\/div>\n\t\t<div class=\"elementor-element elementor-element-d7b1d7d e-flex e-con-boxed e-con e-parent\" data-id=\"d7b1d7d\" data-element_type=\"container\">\n\t\t\t\t\t<div class=\"e-con-inner\">\n\t\t<div class=\"elementor-element elementor-element-705afb9 e-con-full e-flex e-con e-child\" data-id=\"705afb9\" data-element_type=\"container\">\n\t\t\t\t<div class=\"elementor-element elementor-element-168b811 elementor-widget elementor-widget-heading\" data-id=\"168b811\" data-element_type=\"widget\" data-widget_type=\"heading.default\">\n\t\t\t\t\t<h2 class=\"elementor-heading-title elementor-size-default\">Acerca de collar star<\/h2>\t\t\t\t<\/div>\n\t\t\t\t<div class=\"elementor-element elementor-element-0e5c8af elementor-widget elementor-widget-text-editor\" data-id=\"0e5c8af\" data-element_type=\"widget\" data-widget_type=\"text-editor.default\">\n\t\t\t\t\t\t\t\t\t<p>Hangzhou collar xing power technology co., LTD es una empresa de alta tecnolog\u00eda que se centra en la investigaci\u00f3n y desarrollo de equipos de instalaciones el\u00e9ctricas, equipos de protecci\u00f3n contra incendios y nuevas tecnolog\u00edas de materiales. Fundada en el sector el\u00e9ctrico, la empresa se compromete a proporcionar a sus clientes productos complementarios de alta calidad para instalaciones el\u00e9ctricas, equipos de seguridad contra incendios, as\u00ed como soluciones refractarias innovadoras. Como una fuerza emergente en la industria, la tecnolog\u00eda de energ\u00eda de collar se adhiere a la innovaci\u00f3n para conducir el desarrollo, optimiza continuamente el rendimiento del producto y mejora la calidad del servicio. Hemos establecido relaciones de cooperaci\u00f3n a largo plazo con muchas unidades del sistema de energ\u00eda, empresas de ingenier\u00eda de incendios y empresas de fabricaci\u00f3n industrial. El negocio cubre muchas provincias y ciudades en todo el pa\u00eds, y gradualmente se expande el mercado internacional.<\/p>\t\t\t\t\t\t\t\t<\/div>\n\t\t\t\t<\/div>\n\t\t<div class=\"elementor-element elementor-element-5b7762c e-con-full e-flex e-con e-child\" data-id=\"5b7762c\" data-element_type=\"container\">\n\t\t\t\t<div class=\"elementor-element elementor-element-5e5d6ed elementor-arrows-position-inside elementor-widget elementor-widget-image-carousel\" data-id=\"5e5d6ed\" data-element_type=\"widget\" data-settings=\"{&quot;slides_to_show&quot;:&quot;1&quot;,&quot;navigation&quot;:&quot;arrows&quot;,&quot;autoplay&quot;:&quot;yes&quot;,&quot;pause_on_hover&quot;:&quot;yes&quot;,&quot;pause_on_interaction&quot;:&quot;yes&quot;,&quot;autoplay_speed&quot;:5000,&quot;infinite&quot;:&quot;yes&quot;,&quot;effect&quot;:&quot;slide&quot;,&quot;speed&quot;:500}\" data-widget_type=\"image-carousel.default\">\n\t\t\t\t\t\t\t<div class=\"elementor-image-carousel-wrapper swiper\" role=\"region\" aria-roledescription=\"carousel\" aria-label=\"Rotaci\u00f3n de im\u00e1genes\" dir=\"ltr\">\n\t\t\t<div class=\"elementor-image-carousel swiper-wrapper\" aria-live=\"off\">\n\t\t\t\t\t\t\t\t<div class=\"swiper-slide\" role=\"group\" aria-roledescription=\"slide\" aria-label=\"1 \/ 2\"><figure class=\"swiper-slide-inner\"><img decoding=\"async\" class=\"swiper-slide-image\" src=\"https:\/\/yx.googeek.cn\/wp-content\/uploads\/2025\/07\/10001.jpg\" alt=\"10001\" \/><\/figure><\/div><div class=\"swiper-slide\" role=\"group\" aria-roledescription=\"slide\" aria-label=\"2 \/ 2\"><figure class=\"swiper-slide-inner\"><img decoding=\"async\" class=\"swiper-slide-image\" src=\"https:\/\/yx.googeek.cn\/wp-content\/uploads\/2025\/07\/10002.jpg\" alt=\"10002\" \/><\/figure><\/div>\t\t\t<\/div>\n\t\t\t\t\t\t\t\t\t\t\t\t<div class=\"elementor-swiper-button elementor-swiper-button-prev\" role=\"button\" tabindex=\"0\">\n\t\t\t\t\t\t<svg aria-hidden=\"true\" class=\"e-font-icon-svg e-eicon-chevron-left\" viewbox=\"0 0 1000 1000\" xmlns=\"http:\/\/www.w3.org\/2000\/svg\"><path d=\"M646 125C629 125 613 133 604 142L308 442C296 454 292 471 292 487 292 504 296 521 308 533L604 854C617 867 629 875 646 875 663 875 679 871 692 858 704 846 713 829 713 812 713 796 708 779 692 767L438 487 692 225C700 217 708 204 708 187 708 171 704 154 692 142 675 129 663 125 646 125Z\"><\/path><\/svg>\t\t\t\t\t<\/div>\n\t\t\t\t\t<div class=\"elementor-swiper-button elementor-swiper-button-next\" role=\"button\" tabindex=\"0\">\n\t\t\t\t\t\t<svg aria-hidden=\"true\" class=\"e-font-icon-svg e-eicon-chevron-right\" viewbox=\"0 0 1000 1000\" xmlns=\"http:\/\/www.w3.org\/2000\/svg\"><path d=\"M696 533C708 521 713 504 713 487 713 471 708 454 696 446L400 146C388 133 375 125 354 125 338 125 325 129 313 142 300 154 292 171 292 187 292 204 296 221 308 233L563 492 304 771C292 783 288 800 288 817 288 833 296 850 308 863 321 871 338 875 354 875 371 875 388 867 400 854L696 533Z\"><\/path><\/svg>\t\t\t\t\t<\/div>\n\t\t\t\t\n\t\t\t\t\t\t\t\t\t<\/div>\n\t\t\t\t\t\t<\/div>\n\t\t\t\t<\/div>\n\t\t<div class=\"elementor-element elementor-element-d97719d e-con-full e-flex e-con e-child\" data-id=\"d97719d\" data-element_type=\"container\">\n\t\t\t\t<\/div>\n\t\t\t\t\t<\/div>\n\t\t\t\t<\/div>\n\t\t<div class=\"elementor-element elementor-element-85fcbe7 e-flex e-con-boxed e-con e-parent\" data-id=\"85fcbe7\" data-element_type=\"container\">\n\t\t\t\t\t<div class=\"e-con-inner\">\n\t\t\t\t\t<\/div>\n\t\t\t\t<\/div>\n\t\t\t\t<\/div>","protected":false},"excerpt":{"rendered":"<p>\u5173\u4e8e\u9886\u661f \u516c\u53f8\u62e5\u6709\u4e13\u4e1a\u7684\u65b0\u6750\u6599\u6280\u672f\u7814\u53d1\u56e2\u961f\uff0c\u6301\u7eed\u63a8\u52a8\u8010\u706b\u6750\u6599\u3001\u7535\u529b\u8bbe\u65bd\u5668\u6750\u7684\u6280\u672f\u5347\u7ea7 \u5173\u4e8e\u9886\u661f \u676d\u5dde\u9886\u661f\u7535\u529b\u79d1 [&hellip;]<\/p>","protected":false},"author":1,"featured_media":0,"parent":0,"menu_order":0,"comment_status":"closed","ping_status":"closed","template":"","meta":{"footnotes":""},"class_list":["post-11","page","type-page","status-publish","hentry"],"_links":{"self":[{"href":"https:\/\/yx.googeek.cn\/es\/wp-json\/wp\/v2\/pages\/11","targetHints":{"allow":["GET"]}}],"collection":[{"href":"https:\/\/yx.googeek.cn\/es\/wp-json\/wp\/v2\/pages"}],"about":[{"href":"https:\/\/yx.googeek.cn\/es\/wp-json\/wp\/v2\/types\/page"}],"author":[{"embeddable":true,"href":"https:\/\/yx.googeek.cn\/es\/wp-json\/wp\/v2\/users\/1"}],"replies":[{"embeddable":true,"href":"https:\/\/yx.googeek.cn\/es\/wp-json\/wp\/v2\/comments?post=11"}],"version-history":[{"count":26,"href":"https:\/\/yx.googeek.cn\/es\/wp-json\/wp\/v2\/pages\/11\/revisions"}],"predecessor-version":[{"id":416,"href":"https:\/\/yx.googeek.cn\/es\/wp-json\/wp\/v2\/pages\/11\/revisions\/416"}],"wp:attachment":[{"href":"https:\/\/yx.googeek.cn\/es\/wp-json\/wp\/v2\/media?parent=11"}],"curies":[{"name":"wp","href":"https:\/\/api.w.org\/{rel}","templated":true}]}}